{"id":745,"date":"2018-03-11T18:12:04","date_gmt":"2018-03-11T17:12:04","guid":{"rendered":"http:\/\/www.abeanglobal.com\/?page_id=745"},"modified":"2018-05-24T07:46:13","modified_gmt":"2018-05-24T06:46:13","slug":"contacto","status":"publish","type":"page","link":"https:\/\/www.tecnolivo.eu\/pt-pt\/contacto\/","title":{"rendered":"Contacto"},"content":{"rendered":"<p>[vc_row type=&#8221;vc_default&#8221; content_placement=&#8221;bottom&#8221; bg_type=&#8221;image&#8221; parallax_style=&#8221;vcpb-default&#8221; bg_image_new=&#8221;id^680|url^http:\/\/www.abeanglobal.com\/wp-content\/uploads\/2018\/03\/olive-tree-1117666_1280.jpg|caption^null|alt^null|title^olive-tree-1117666_1280|description^null&#8221; bg_image_posiiton=&#8221;center&#8221; bg_override=&#8221;ex-full&#8221; enable_overlay=&#8221;enable_overlay_value&#8221; overlay_color=&#8221;rgba(0,0,0,0.24)&#8221; seperator_enable=&#8221;seperator_enable_value&#8221; seperator_type=&#8221;tilt_left_seperator&#8221; seperator_position=&#8221;bottom_seperator&#8221; seperator_svg_height=&#8221;80&#8243; css=&#8221;.vc_custom_1520417160443{margin-top: -80px !important;}&#8221;][vc_column offset=&#8221;vc_hidden-sm vc_hidden-xs&#8221;]<div id=\"ultimate-heading-19069fdef1ad67ae\" class=\"uvc-heading ult-adjust-bottom-margin ultimate-heading-19069fdef1ad67ae uvc-1770 \" data-hspacer=\"no_spacer\"  data-halign=\"left\" style=\"text-align:left\"><div class=\"uvc-heading-spacer no_spacer\" style=\"top\"><\/div><div class=\"uvc-main-heading ult-responsive\"  data-ultimate-target='.uvc-heading.ultimate-heading-19069fdef1ad67ae h1'  data-responsive-json-new='{\"font-size\":\"desktop:52px;tablet:42px;tablet_portrait:42px;mobile_landscape:32px;mobile:28px;\",\"line-height\":\"desktop:62px;tablet:52px;tablet_portrait:52px;mobile_landscape:42px;mobile:32px;\"}' ><h1 style=\"font-weight:bold;color:#ffffff;margin-top:10%;margin-bottom:7%;\">Contacto<\/h1><\/div><\/div>[\/vc_column][\/vc_row][vc_row type=&#8221;vc_default&#8221; content_placement=&#8221;bottom&#8221; bg_type=&#8221;image&#8221; parallax_style=&#8221;vcpb-default&#8221; bg_image_new=&#8221;id^680|url^http:\/\/www.abeanglobal.com\/wp-content\/uploads\/2018\/03\/olive-tree-1117666_1280.jpg|caption^null|alt^null|title^olive-tree-1117666_1280|description^null&#8221; bg_image_posiiton=&#8221;center&#8221; bg_override=&#8221;ex-full&#8221; enable_overlay=&#8221;enable_overlay_value&#8221; overlay_color=&#8221;rgba(0,0,0,0.24)&#8221; seperator_enable=&#8221;seperator_enable_value&#8221; seperator_type=&#8221;tilt_left_seperator&#8221; seperator_position=&#8221;bottom_seperator&#8221; seperator_svg_height=&#8221;80&#8243;][vc_column offset=&#8221;vc_hidden-lg vc_hidden-md&#8221;]<div id=\"ultimate-heading-419969fdef1ad67ea\" class=\"uvc-heading ult-adjust-bottom-margin ultimate-heading-419969fdef1ad67ea uvc-9185 \" data-hspacer=\"no_spacer\"  data-halign=\"left\" style=\"text-align:left\"><div class=\"uvc-heading-spacer no_spacer\" style=\"top\"><\/div><div class=\"uvc-main-heading ult-responsive\"  data-ultimate-target='.uvc-heading.ultimate-heading-419969fdef1ad67ea h1'  data-responsive-json-new='{\"font-size\":\"desktop:52px;tablet:42px;tablet_portrait:42px;mobile_landscape:32px;mobile:28px;\",\"line-height\":\"desktop:62px;tablet:52px;tablet_portrait:52px;mobile_landscape:42px;mobile:32px;\"}' ><h1 style=\"font-weight:bold;color:#ffffff;margin-top:10%;margin-bottom:12%;\">Contacto<\/h1><\/div><\/div>[\/vc_column][\/vc_row][vc_row][vc_column][vc_row_inner][vc_column_inner width=&#8221;1\/3&#8243;]<div id=\"ultimate-heading-408269fdef1ad6813\" class=\"uvc-heading ult-adjust-bottom-margin ultimate-heading-408269fdef1ad6813 uvc-9568 \" data-hspacer=\"line_only\"  data-halign=\"left\" style=\"text-align:left\"><div class=\"uvc-main-heading ult-responsive\"  data-ultimate-target='.uvc-heading.ultimate-heading-408269fdef1ad6813 h2'  data-responsive-json-new='{\"font-size\":\"desktop:26px;\",\"line-height\":\"\"}' ><h2 style=\"--font-weight:theme;margin-top:32px;margin-bottom:16px;\">Informa\u00e7\u00e3o de contato<\/h2><\/div><div class=\"uvc-heading-spacer line_only\" style=\"margin-top:16px;margin-bottom:22px;height:1px;\"><span class=\"uvc-headings-line\" style=\"border-style:solid;border-bottom-width:1px;border-color:#555555;width:autopx;\"><\/span><\/div><\/div><div class=\"aio-icon-component    style_1\"><div id=\"Info-box-wrap-3701\" class=\"aio-icon-box default-icon\" style=\"\"  ><div class=\"aio-icon-default\"><div class=\"ult-just-icon-wrapper  \"><div class=\"align-icon\" style=\"text-align:center;\">\n<div class=\"aio-icon none \"  style=\"color:#3d7e1d;font-size:32px;display:inline-block;\">\n\t<i class=\"Defaults-map-marker\"><\/i>\n<\/div><\/div><\/div><\/div><div class=\"aio-icon-header\" ><h3 class=\"aio-icon-title ult-responsive\"  data-ultimate-target='#Info-box-wrap-3701 .aio-icon-title'  data-responsive-json-new='{\"font-size\":\"\",\"line-height\":\"\"}'  style=\"\">Endere\u00e7o<\/h3><\/div> <!-- header --><div class=\"aio-icon-description ult-responsive\"  data-ultimate-target='#Info-box-wrap-3701 .aio-icon-description'  data-responsive-json-new='{\"font-size\":\"desktop:18px;\",\"line-height\":\"\"}'  style=\"\">Escuela T\u00e9cnica Superior de Ingenier\u00eda<br \/>\nCarretera Huelva &#8211; Palos de la Frontera s\/n.<br \/>\n21819 La R\u00e1bida, Palos de la Frontera (Huelva).<\/div> <!-- description --><\/div> <!-- aio-icon-box --><\/div> <!-- aio-icon-component -->[vc_gmaps link=&#8221;#E-8_JTNDaWZyYW1lJTIwc3JjJTNEJTIyaHR0cHMlM0ElMkYlMkZ3d3cuZ29vZ2xlLmNvbSUyRm1hcHMlMkZlbWJlZCUzRnBiJTNEJTIxMW0xOCUyMTFtMTIlMjExbTMlMjExZDYzNTUuNjE0NDIxOTYxMzU3JTIxMmQtNi45Mjc2MDcwMjI5MjE5MiUyMTNkMzcuMjA0ODA4MzE0Nzc4MjMlMjEybTMlMjExZjAlMjEyZjAlMjEzZjAlMjEzbTIlMjExaTEwMjQlMjEyaTc2OCUyMTRmMTMuMSUyMTNtMyUyMTFtMiUyMTFzMHgwJTI1M0EweDliMTc1OGU4YzNlYjUwYTglMjEyc0VzY3VlbGElMkJUJTI1QzMlMjVBOWNuaWNhJTJCU3VwZXJpb3IlMkJEZSUyQkluZ2VuaWVyJTI1QzMlMjVBRGElMjE1ZTAlMjEzbTIlMjExc2VzJTIxMnNlcyUyMTR2MTUyMDQxNzI5MTEzMyUyMiUyMHdpZHRoJTNEJTIyNjAwJTIyJTIwaGVpZ2h0JTNEJTIyMzAwJTIyJTIwZnJhbWVib3JkZXIlM0QlMjIwJTIyJTIwc3R5bGUlM0QlMjJib3JkZXIlM0EwJTIyJTIwYWxsb3dmdWxsc2NyZWVuJTNFJTNDJTJGaWZyYW1lJTNF&#8221;][\/vc_column_inner][vc_column_inner width=&#8221;2\/3&#8243;]<div id=\"ultimate-heading-663769fdef1ad69c1\" class=\"uvc-heading ult-adjust-bottom-margin ultimate-heading-663769fdef1ad69c1 uvc-2327 \" data-hspacer=\"line_only\"  data-halign=\"left\" style=\"text-align:left\"><div class=\"uvc-main-heading ult-responsive\"  data-ultimate-target='.uvc-heading.ultimate-heading-663769fdef1ad69c1 h2'  data-responsive-json-new='{\"font-size\":\"desktop:26px;\",\"line-height\":\"\"}' ><h2 style=\"--font-weight:theme;margin-top:32px;margin-bottom:16px;\">Envie-nos uma mensagem<\/h2><\/div><div class=\"uvc-heading-spacer line_only\" style=\"margin-top:16px;margin-bottom:22px;height:1px;\"><span class=\"uvc-headings-line\" style=\"border-style:solid;border-bottom-width:1px;border-color:#555555;width:autopx;\"><\/span><\/div><\/div><div role=\"form\" class=\"wpcf7\" id=\"wpcf7-f1015-o1\" lang=\"es-ES\" dir=\"ltr\">\n<div class=\"screen-reader-response\"><p role=\"status\" aria-live=\"polite\" aria-atomic=\"true\"><\/p> <ul><\/ul><\/div>\n<form action=\"\/pt-pt\/wp-json\/wp\/v2\/pages\/745#wpcf7-f1015-o1\" method=\"post\" class=\"wpcf7-form init\" novalidate=\"novalidate\" data-status=\"init\">\n<div style=\"display: none;\">\n<input type=\"hidden\" name=\"_wpcf7\" value=\"1015\" \/>\n<input type=\"hidden\" name=\"_wpcf7_version\" value=\"5.3.2\" \/>\n<input type=\"hidden\" name=\"_wpcf7_locale\" value=\"es_ES\" \/>\n<input type=\"hidden\" name=\"_wpcf7_unit_tag\" value=\"wpcf7-f1015-o1\" \/>\n<input type=\"hidden\" name=\"_wpcf7_container_post\" value=\"0\" \/>\n<input type=\"hidden\" name=\"_wpcf7_posted_data_hash\" value=\"\" \/>\n<\/div>\n<div id=\"responsive-form\" class=\"clearfix\">\n<div class=\"form-row\">\n<div class=\"column-half\">Nome <span class=\"wpcf7-form-control-wrap first-name\"><input type=\"text\" name=\"first-name\" value=\"\" size=\"40\" class=\"wpcf7-form-control wpcf7-text wpcf7-validates-as-required\" aria-required=\"true\" aria-invalid=\"false\" \/><\/span><\/div>\n<div class=\"column-half\">Correio eletr\u00f4nico <span class=\"wpcf7-form-control-wrap your-email\"><input type=\"email\" name=\"your-email\" value=\"\" size=\"40\" class=\"wpcf7-form-control wpcf7-text wpcf7-email wpcf7-validates-as-required wpcf7-validates-as-email\" aria-required=\"true\" aria-invalid=\"false\" \/><\/span><\/div>\n<\/div>\n<div class=\"form-row\">\n<div class=\"column-full\">Mensagem  <span class=\"wpcf7-form-control-wrap your-message\"><textarea name=\"your-message\" cols=\"40\" rows=\"10\" class=\"wpcf7-form-control wpcf7-textarea wpcf7-validates-as-required\" aria-required=\"true\" aria-invalid=\"false\"><\/textarea><\/span><\/div>\n<\/div>\n<div class=\"form-row\">\n<div class=\"column-full\"><span class=\"wpcf7-form-control-wrap Aceptacion-RGPD\"><span class=\"wpcf7-form-control wpcf7-acceptance\"><span class=\"wpcf7-list-item\"><label><input type=\"checkbox\" name=\"Aceptacion-RGPD\" value=\"1\" aria-invalid=\"false\" \/><span class=\"wpcf7-list-item-label\">Sim, li e aceito a <a href=\"http:\/\/www.inoxidablesonubenses.com\/politica-de-privacidad\">pol\u00edtica de privacidade<\/a>.<\/span><\/label><\/span><\/span><\/span><\/div>\n<div class=\"form-row\">\n<div class=\"column-full\"><input type=\"submit\" value=\"Enviar Mensagem\" class=\"wpcf7-form-control wpcf7-submit\" \/><\/div>\n<\/div>\n<\/div>\n<p><!--end responsive-form--><\/p>\n<div class=\"wpcf7-response-output\" aria-hidden=\"true\"><\/div><\/form><\/div>[\/vc_column_inner][\/vc_row_inner][\/vc_column][\/vc_row][vc_row][vc_column]<div id=\"ultimate-heading-323169fdef1ad79bc\" class=\"uvc-heading ult-adjust-bottom-margin ultimate-heading-323169fdef1ad79bc uvc-8115  uvc-heading-default-font-sizes\" data-hspacer=\"no_spacer\"  data-halign=\"center\" style=\"text-align:center\"><div class=\"uvc-heading-spacer no_spacer\" style=\"top\"><\/div><div class=\"uvc-sub-heading ult-responsive\"  data-ultimate-target='.uvc-heading.ultimate-heading-323169fdef1ad79bc .uvc-sub-heading '  data-responsive-json-new='{\"font-size\":\"desktop:16px;\",\"line-height\":\"\"}'  style=\"font-weight:normal;\"><\/p>\n<p style=\"text-align: justify;\"><strong>Informa\u00e7\u00f5es b\u00e1sicas sobre prote\u00e7\u00e3o de dados:<\/strong> Seus dados ser\u00e3o armazenados em diferentes arquivos suficientemente protegidos, cujo respons\u00e1vel \u00e9 a Universidade de Huelva.O objetivo com o qual seus dados s\u00e3o coletados \u00e9 a gest\u00e3o dos pedidos de contato diferentes, sendo legitimada por seu consentimento dado ao forne\u00e7a seus dados e sem que seus dados sejam transferidos a terceiros, exceto a obriga\u00e7\u00e3o legal, embora seus dados sejam tratados por terceiros, como o servidor e o e-mail, que ser\u00e3o 1and1 e o Google Analytics para melhorar a experi\u00eancia na web. Voc\u00ea pode exercer seus direitos de acesso, retifica\u00e7\u00e3o ou exclus\u00e3o, limita\u00e7\u00e3o e oposi\u00e7\u00e3o ao tratamento. Para informa\u00e7\u00f5es mais detalhadas, voc\u00ea pode acessar nossa <a href=\"http:\/\/www.tecnolivo.eu\/pt-pt\/politica-de-privacidad\/\">Pol\u00edtica de Prote\u00e7\u00e3o de Dados<\/a>.<\/p>\n<p><\/div><\/div>[\/vc_column][\/vc_row]<\/p>\n","protected":false},"excerpt":{"rendered":"<p>[vc_row type=&#8221;vc_default&#8221; content_placement=&#8221;bottom&#8221; bg_type=&#8221;image&#8221; parallax_style=&#8221;vcpb-default&#8221; bg_image_new=&#8221;id^680|url^http:\/\/www.abeanglobal.com\/wp-content\/uploads\/2018\/03\/olive-tree-1117666_1280.jpg|caption^null|alt^null|title^olive-tree-1117666_1280|description^null&#8221; bg_image_posiiton=&#8221;center&#8221; bg_override=&#8221;ex-full&#8221; enable_overlay=&#8221;enable_overlay_value&#8221; overlay_color=&#8221;rgba(0,0,0,0.24)&#8221; seperator_enable=&#8221;seperator_enable_value&#8221; seperator_type=&#8221;tilt_left_seperator&#8221; seperator_position=&#8221;bottom_seperator&#8221; seperator_svg_height=&#8221;80&#8243; css=&#8221;.vc_custom_1520417160443{margin-top: -80px !important;}&#8221;][vc_column offset=&#8221;vc_hidden-sm vc_hidden-xs&#8221;][\/vc_column][\/vc_row][vc_row type=&#8221;vc_default&#8221; content_placement=&#8221;bottom&#8221; bg_type=&#8221;image&#8221; parallax_style=&#8221;vcpb-default&#8221; bg_image_new=&#8221;id^680|url^http:\/\/www.abeanglobal.com\/wp-content\/uploads\/2018\/03\/olive-tree-1117666_1280.jpg|caption^null|alt^null|title^olive-tree-1117666_1280|description^null&#8221; bg_image_posiiton=&#8221;center&#8221; bg_override=&#8221;ex-full&#8221; enable_overlay=&#8221;enable_overlay_value&#8221; overlay_color=&#8221;rgba(0,0,0,0.24)&#8221; seperator_enable=&#8221;seperator_enable_value&#8221; seperator_type=&#8221;tilt_left_seperator&#8221; seperator_position=&#8221;bottom_seperator&#8221; seperator_svg_height=&#8221;80&#8243;][vc_column offset=&#8221;vc_hidden-lg vc_hidden-md&#8221;][\/vc_column][\/vc_row][vc_row][vc_column][vc_row_inner][vc_column_inner width=&#8221;1\/3&#8243;][vc_gmaps link=&#8221;#E-8_JTNDaWZyYW1lJTIwc3JjJTNEJTIyaHR0cHMlM0ElMkYlMkZ3d3cuZ29vZ2xlLmNvbSUyRm1hcHMlMkZlbWJlZCUzRnBiJTNEJTIxMW0xOCUyMTFtMTIlMjExbTMlMjExZDYzNTUuNjE0NDIxOTYxMzU3JTIxMmQtNi45Mjc2MDcwMjI5MjE5MiUyMTNkMzcuMjA0ODA4MzE0Nzc4MjMlMjEybTMlMjExZjAlMjEyZjAlMjEzZjAlMjEzbTIlMjExaTEwMjQlMjEyaTc2OCUyMTRmMTMuMSUyMTNtMyUyMTFtMiUyMTFzMHgwJTI1M0EweDliMTc1OGU4YzNlYjUwYTglMjEyc0VzY3VlbGElMkJUJTI1QzMlMjVBOWNuaWNhJTJCU3VwZXJpb3IlMkJEZSUyQkluZ2VuaWVyJTI1QzMlMjVBRGElMjE1ZTAlMjEzbTIlMjExc2VzJTIxMnNlcyUyMTR2MTUyMDQxNzI5MTEzMyUyMiUyMHdpZHRoJTNEJTIyNjAwJTIyJTIwaGVpZ2h0JTNEJTIyMzAwJTIyJTIwZnJhbWVib3JkZXIlM0QlMjIwJTIyJTIwc3R5bGUlM0QlMjJib3JkZXIlM0EwJTIyJTIwYWxsb3dmdWxsc2NyZWVuJTNFJTNDJTJGaWZyYW1lJTNF&#8221;][\/vc_column_inner][vc_column_inner width=&#8221;2\/3&#8243;][\/vc_column_inner][\/vc_row_inner][\/vc_column][\/vc_row][vc_row][vc_column][\/vc_column][\/vc_row]<\/p>\n","protected":false},"author":1,"featured_media":0,"parent":0,"menu_order":0,"comment_status":"closed","ping_status":"closed","template":"","meta":[],"_links":{"self":[{"href":"https:\/\/www.tecnolivo.eu\/pt-pt\/wp-json\/wp\/v2\/pages\/745"}],"collection":[{"href":"https:\/\/www.tecnolivo.eu\/pt-pt\/wp-json\/wp\/v2\/pages"}],"about":[{"href":"https:\/\/www.tecnolivo.eu\/pt-pt\/wp-json\/wp\/v2\/types\/page"}],"author":[{"embeddable":true,"href":"https:\/\/www.tecnolivo.eu\/pt-pt\/wp-json\/wp\/v2\/users\/1"}],"replies":[{"embeddable":true,"href":"https:\/\/www.tecnolivo.eu\/pt-pt\/wp-json\/wp\/v2\/comments?post=745"}],"version-history":[{"count":7,"href":"https:\/\/www.tecnolivo.eu\/pt-pt\/wp-json\/wp\/v2\/pages\/745\/revisions"}],"predecessor-version":[{"id":1018,"href":"https:\/\/www.tecnolivo.eu\/pt-pt\/wp-json\/wp\/v2\/pages\/745\/revisions\/1018"}],"wp:attachment":[{"href":"https:\/\/www.tecnolivo.eu\/pt-pt\/wp-json\/wp\/v2\/media?parent=745"}],"curies":[{"name":"wp","href":"https:\/\/api.w.org\/{rel}","templated":true}]}}