{"id":713,"date":"2018-03-11T17:51:13","date_gmt":"2018-03-11T16:51:13","guid":{"rendered":"http:\/\/www.abeanglobal.com\/?page_id=713"},"modified":"2022-11-07T10:37:40","modified_gmt":"2022-11-07T09:37:40","slug":"universidad-de-huelva","status":"publish","type":"page","link":"https:\/\/www.tecnolivo.eu\/pt-pt\/universidad-de-huelva\/","title":{"rendered":"Universidad de Huelva"},"content":{"rendered":"<p>[vc_row type=&#8221;vc_default&#8221; content_placement=&#8221;bottom&#8221; bg_type=&#8221;image&#8221; parallax_style=&#8221;vcpb-default&#8221; bg_image_new=&#8221;id^812|url^http:\/\/www.abeanglobal.com\/wp-content\/uploads\/2018\/03\/olives-175.jpg|caption^null|alt^null|title^olives-175|description^null&#8221; bg_image_posiiton=&#8221;center&#8221; bg_override=&#8221;ex-full&#8221; enable_overlay=&#8221;enable_overlay_value&#8221; overlay_color=&#8221;rgba(0,0,0,0.24)&#8221; seperator_enable=&#8221;seperator_enable_value&#8221; seperator_type=&#8221;tilt_left_seperator&#8221; seperator_position=&#8221;bottom_seperator&#8221; seperator_svg_height=&#8221;80&#8243; css=&#8221;.vc_custom_1521208697612{margin-top: -80px !important;}&#8221;][vc_column offset=&#8221;vc_hidden-sm vc_hidden-xs&#8221;]<div id=\"ultimate-heading-713969f63001e8365\" class=\"uvc-heading ult-adjust-bottom-margin ultimate-heading-713969f63001e8365 uvc-2097 \" data-hspacer=\"no_spacer\"  data-halign=\"left\" style=\"text-align:left\"><div class=\"uvc-heading-spacer no_spacer\" style=\"top\"><\/div><div class=\"uvc-main-heading ult-responsive\"  data-ultimate-target='.uvc-heading.ultimate-heading-713969f63001e8365 h1'  data-responsive-json-new='{\"font-size\":\"desktop:52px;tablet:42px;tablet_portrait:42px;mobile_landscape:32px;mobile:28px;\",\"line-height\":\"desktop:62px;tablet:52px;tablet_portrait:52px;mobile_landscape:42px;mobile:38px;\"}' ><h1 style=\"font-weight:bold;color:#ffffff;margin-top:10%;margin-bottom:7%;\">Universidad de Huelva<\/h1><\/div><\/div>[\/vc_column][\/vc_row][vc_row type=&#8221;vc_default&#8221; content_placement=&#8221;bottom&#8221; bg_type=&#8221;image&#8221; parallax_style=&#8221;vcpb-default&#8221; bg_image_new=&#8221;id^812|url^http:\/\/www.abeanglobal.com\/wp-content\/uploads\/2018\/03\/olives-175.jpg|caption^null|alt^null|title^olives-175|description^null&#8221; bg_image_posiiton=&#8221;center&#8221; bg_override=&#8221;ex-full&#8221; enable_overlay=&#8221;enable_overlay_value&#8221; overlay_color=&#8221;rgba(0,0,0,0.24)&#8221; seperator_enable=&#8221;seperator_enable_value&#8221; seperator_type=&#8221;tilt_left_seperator&#8221; seperator_position=&#8221;bottom_seperator&#8221; seperator_svg_height=&#8221;40&#8243;][vc_column offset=&#8221;vc_hidden-lg vc_hidden-md&#8221;]<div id=\"ultimate-heading-336169f63001e83cb\" class=\"uvc-heading ult-adjust-bottom-margin ultimate-heading-336169f63001e83cb uvc-6148 \" data-hspacer=\"no_spacer\"  data-halign=\"left\" style=\"text-align:left\"><div class=\"uvc-heading-spacer no_spacer\" style=\"top\"><\/div><div class=\"uvc-main-heading ult-responsive\"  data-ultimate-target='.uvc-heading.ultimate-heading-336169f63001e83cb h1'  data-responsive-json-new='{\"font-size\":\"desktop:52px;tablet:42px;tablet_portrait:42px;mobile_landscape:32px;mobile:28px;\",\"line-height\":\"desktop:62px;tablet:52px;tablet_portrait:52px;mobile_landscape:42px;mobile:38px;\"}' ><h1 style=\"font-weight:bold;color:#ffffff;margin-top:10%;margin-bottom:12%;\">Universidad de Huelva<\/h1><\/div><\/div>[\/vc_column][\/vc_row][vc_row type=&#8221;vc_default&#8221; equal_height=&#8221;yes&#8221; content_placement=&#8221;middle&#8221; css=&#8221;.vc_custom_1519216588118{margin-top: -40px !important;}&#8221;][vc_column width=&#8221;1\/4&#8243;][vc_single_image image=&#8221;413&#8243; img_size=&#8221;200&#215;200&#8243; alignment=&#8221;center&#8221; image_hovers=&#8221;false&#8221;][\/vc_column][vc_column width=&#8221;3\/4&#8243;][vc_row_inner][vc_column_inner width=&#8221;1\/3&#8243;][vc_column_text]<\/p>\n<p style=\"text-align: left;\"><strong>Organiza\u00e7\u00e3o:<\/strong><\/p>\n<p>[\/vc_column_text][\/vc_column_inner][vc_column_inner width=&#8221;2\/3&#8243;][vc_column_text]Universidad de Huelva (UHU)[\/vc_column_text][\/vc_column_inner][\/vc_row_inner][vc_row_inner][vc_column_inner width=&#8221;1\/3&#8243;][vc_column_text]<\/p>\n<p style=\"text-align: left;\"><strong>Contacto:<\/strong><\/p>\n<p>[\/vc_column_text][\/vc_column_inner][vc_column_inner width=&#8221;2\/3&#8243;][vc_column_text]Jos\u00e9 Manuel And\u00fajar[\/vc_column_text][\/vc_column_inner][\/vc_row_inner][vc_row_inner][vc_column_inner width=&#8221;1\/3&#8243;][vc_column_text]<\/p>\n<p style=\"text-align: left;\"><strong>Telefone:\u00a0<\/strong><\/p>\n<p>[\/vc_column_text][\/vc_column_inner][vc_column_inner width=&#8221;2\/3&#8243;][vc_column_text]+34 959 217 671[\/vc_column_text][\/vc_column_inner][\/vc_row_inner][vc_row_inner][vc_column_inner width=&#8221;1\/3&#8243;][vc_column_text]<\/p>\n<p style=\"text-align: left;\"><strong>Correio Eletr\u00f4nico:\u00a0<\/strong><\/p>\n<p>[\/vc_column_text][\/vc_column_inner][vc_column_inner width=&#8221;2\/3&#8243;][vc_column_text]andujar@diesia.uhu.es[\/vc_column_text][\/vc_column_inner][\/vc_row_inner][vc_row_inner][vc_column_inner width=&#8221;1\/3&#8243;][vc_column_text]<\/p>\n<p style=\"text-align: left;\"><strong>NUT C\u00f3digo III Provincia:\u00a0<\/strong><\/p>\n<p>[\/vc_column_text][\/vc_column_inner][vc_column_inner width=&#8221;2\/3&#8243;][vc_column_text]ES615 &#8211; Huelva[\/vc_column_text][\/vc_column_inner][\/vc_row_inner][\/vc_column][\/vc_row][vc_row][vc_column][vc_empty_space][vc_column_text]<\/p>\n<p style=\"text-align: justify;\">A Universidade de Huelva (Huelva, Andaluzia, Espanha) \u00e9 uma universidade com voca\u00e7\u00e3o internacional, mas ao mesmo tempo comprometida com a comunidade. N\u00e3o em v\u00e3o, a atividade de pesquisa realizada dentro dela tem voca\u00e7\u00e3o e convic\u00e7\u00e3o para proporcionar benef\u00edcios diretos em seu ambiente.<\/p>\n<p style=\"text-align: justify;\">A Universidade de Huelva, atrav\u00e9s do Grupo de Pesquisa de Controle e Rob\u00f3tica, coordena o Projeto TecnOlivo. Este grupo \u00e9 composto por 15 membros permanentes (12 PhDs) e \u00e9 liderado pelo professor Dr. Jos\u00e9 Manuel And\u00fajar M\u00e1rquez, Professor do Departamento de Engenharia Eletr\u00f4nica, Sistemas Inform\u00e1ticos e Automa\u00e7\u00e3o. Entre outros dados destacados, o Dr. And\u00fajar dirigiu 10 teses de doutorado, publicou mais de 300 artigos cient\u00edficos entre artigos, livros, cap\u00edtulos de livros e comunica\u00e7\u00f5es para congressos, participou de 50 projetos a n\u00edvel europeu, nacional e regional e \u00e9 membro s\u00eanior do Instituto de Engenheiros El\u00e9tricos e Eletr\u00f4nicos (IEEE) por avalia\u00e7\u00e3o de m\u00e9rito. Em 30 anos de experi\u00eancia universit\u00e1ria, recebeu 23 pr\u00eamios e distin\u00e7\u00f5es acad\u00eamicas, bem como v\u00e1rios cargos de gest\u00e3o acad\u00eamica<\/p>\n<p style=\"text-align: justify;\">O Grupo de Pesquisa de Controle e Rob\u00f3tica \u00e9 um grupo com ampla diversifica\u00e7\u00e3o t\u00e9cnica e cient\u00edfica, desenvolvendo sua atividade nas seguintes linhas:<\/p>\n<p>[\/vc_column_text]<div class=\"standard-arrow\"><ul>\n<li>Configura\u00e7\u00e3o e controle de sistemas de energia renov\u00e1vel: tecnologia de hidrog\u00eanio, sistemas fotovoltaicos, sistemas e\u00f3licos e sistemas h\u00edbridos.<\/li>\n<li>Redes el\u00e9tricas inteligentes e mobilidade.<\/li>\n<li>Sistemas de energia eletr\u00f4nicos.<\/li>\n<li>Engenharia de controle.<\/li>\n<li>Sistemas a\u00e9reos pilotados remotamente (RPAS).<\/li>\n<li>Efici\u00eancia e reabilita\u00e7\u00e3o energ\u00e9tica no pr\u00e9dio.<\/li>\n<li>Educa\u00e7\u00e3o em engenharia.<\/li>\n<li>Sistemas e redes de comunica\u00e7\u00e3o.<\/li>\n<li>Rob\u00f3tica.<\/li>\n<\/ul>\n<\/div>[\/vc_column][\/vc_row]<\/p>\n","protected":false},"excerpt":{"rendered":"<p>[vc_row type=&#8221;vc_default&#8221; content_placement=&#8221;bottom&#8221; bg_type=&#8221;image&#8221; parallax_style=&#8221;vcpb-default&#8221; bg_image_new=&#8221;id^812|url^http:\/\/www.abeanglobal.com\/wp-content\/uploads\/2018\/03\/olives-175.jpg|caption^null|alt^null|title^olives-175|description^null&#8221; bg_image_posiiton=&#8221;center&#8221; bg_override=&#8221;ex-full&#8221; enable_overlay=&#8221;enable_overlay_value&#8221; overlay_color=&#8221;rgba(0,0,0,0.24)&#8221; seperator_enable=&#8221;seperator_enable_value&#8221; seperator_type=&#8221;tilt_left_seperator&#8221; seperator_position=&#8221;bottom_seperator&#8221; seperator_svg_height=&#8221;80&#8243; css=&#8221;.vc_custom_1521208697612{margin-top: -80px !important;}&#8221;][vc_column offset=&#8221;vc_hidden-sm vc_hidden-xs&#8221;][\/vc_column][\/vc_row][vc_row type=&#8221;vc_default&#8221; content_placement=&#8221;bottom&#8221; bg_type=&#8221;image&#8221; parallax_style=&#8221;vcpb-default&#8221; bg_image_new=&#8221;id^812|url^http:\/\/www.abeanglobal.com\/wp-content\/uploads\/2018\/03\/olives-175.jpg|caption^null|alt^null|title^olives-175|description^null&#8221; bg_image_posiiton=&#8221;center&#8221; bg_override=&#8221;ex-full&#8221; enable_overlay=&#8221;enable_overlay_value&#8221; overlay_color=&#8221;rgba(0,0,0,0.24)&#8221; seperator_enable=&#8221;seperator_enable_value&#8221; seperator_type=&#8221;tilt_left_seperator&#8221; seperator_position=&#8221;bottom_seperator&#8221; seperator_svg_height=&#8221;40&#8243;][vc_column offset=&#8221;vc_hidden-lg vc_hidden-md&#8221;][\/vc_column][\/vc_row][vc_row type=&#8221;vc_default&#8221; equal_height=&#8221;yes&#8221; content_placement=&#8221;middle&#8221; css=&#8221;.vc_custom_1519216588118{margin-top: -40px !important;}&#8221;][vc_column width=&#8221;1\/4&#8243;][vc_single_image image=&#8221;413&#8243; img_size=&#8221;200&#215;200&#8243; alignment=&#8221;center&#8221; image_hovers=&#8221;false&#8221;][\/vc_column][vc_column width=&#8221;3\/4&#8243;][vc_row_inner][vc_column_inner width=&#8221;1\/3&#8243;][vc_column_text] Organiza\u00e7\u00e3o: [\/vc_column_text][\/vc_column_inner][vc_column_inner width=&#8221;2\/3&#8243;][vc_column_text]Universidad de Huelva (UHU)[\/vc_column_text][\/vc_column_inner][\/vc_row_inner][vc_row_inner][vc_column_inner width=&#8221;1\/3&#8243;][vc_column_text] Contacto:&hellip;<\/p>\n","protected":false},"author":1,"featured_media":0,"parent":0,"menu_order":0,"comment_status":"closed","ping_status":"closed","template":"","meta":[],"_links":{"self":[{"href":"https:\/\/www.tecnolivo.eu\/pt-pt\/wp-json\/wp\/v2\/pages\/713"}],"collection":[{"href":"https:\/\/www.tecnolivo.eu\/pt-pt\/wp-json\/wp\/v2\/pages"}],"about":[{"href":"https:\/\/www.tecnolivo.eu\/pt-pt\/wp-json\/wp\/v2\/types\/page"}],"author":[{"embeddable":true,"href":"https:\/\/www.tecnolivo.eu\/pt-pt\/wp-json\/wp\/v2\/users\/1"}],"replies":[{"embeddable":true,"href":"https:\/\/www.tecnolivo.eu\/pt-pt\/wp-json\/wp\/v2\/comments?post=713"}],"version-history":[{"count":7,"href":"https:\/\/www.tecnolivo.eu\/pt-pt\/wp-json\/wp\/v2\/pages\/713\/revisions"}],"predecessor-version":[{"id":1286,"href":"https:\/\/www.tecnolivo.eu\/pt-pt\/wp-json\/wp\/v2\/pages\/713\/revisions\/1286"}],"wp:attachment":[{"href":"https:\/\/www.tecnolivo.eu\/pt-pt\/wp-json\/wp\/v2\/media?parent=713"}],"curies":[{"name":"wp","href":"https:\/\/api.w.org\/{rel}","templated":true}]}}