{"id":709,"date":"2018-03-11T17:50:31","date_gmt":"2018-03-11T16:50:31","guid":{"rendered":"http:\/\/www.abeanglobal.com\/?page_id=709"},"modified":"2022-11-07T10:31:50","modified_gmt":"2022-11-07T09:31:50","slug":"instituto-nacional-de-investigacao-agraria-e-veterinaria","status":"publish","type":"page","link":"https:\/\/www.tecnolivo.eu\/pt-pt\/instituto-nacional-de-investigacao-agraria-e-veterinaria\/","title":{"rendered":"Instituto Nacional de Investiga\u00e7\u00e3o Agr\u00e1ria e Veterin\u00e1ria"},"content":{"rendered":"<p>[vc_row type=&#8221;vc_default&#8221; content_placement=&#8221;bottom&#8221; bg_type=&#8221;image&#8221; parallax_style=&#8221;vcpb-default&#8221; bg_image_new=&#8221;id^812|url^http:\/\/www.abeanglobal.com\/wp-content\/uploads\/2018\/03\/olives-175.jpg|caption^null|alt^null|title^olives-175|description^null&#8221; bg_image_posiiton=&#8221;center&#8221; bg_override=&#8221;ex-full&#8221; enable_overlay=&#8221;enable_overlay_value&#8221; overlay_color=&#8221;rgba(0,0,0,0.24)&#8221; seperator_enable=&#8221;seperator_enable_value&#8221; seperator_type=&#8221;tilt_left_seperator&#8221; seperator_position=&#8221;bottom_seperator&#8221; seperator_svg_height=&#8221;80&#8243; css=&#8221;.vc_custom_1521208697612{margin-top: -80px !important;}&#8221;][vc_column offset=&#8221;vc_hidden-sm vc_hidden-xs&#8221;]<div id=\"ultimate-heading-832569f63211b132c\" class=\"uvc-heading ult-adjust-bottom-margin ultimate-heading-832569f63211b132c uvc-5485 \" data-hspacer=\"no_spacer\"  data-halign=\"left\" style=\"text-align:left\"><div class=\"uvc-heading-spacer no_spacer\" style=\"top\"><\/div><div class=\"uvc-main-heading ult-responsive\"  data-ultimate-target='.uvc-heading.ultimate-heading-832569f63211b132c h1'  data-responsive-json-new='{\"font-size\":\"desktop:52px;tablet:42px;tablet_portrait:42px;mobile_landscape:32px;mobile:28px;\",\"line-height\":\"desktop:62px;tablet:52px;tablet_portrait:52px;mobile_landscape:42px;mobile:38px;\"}' ><h1 style=\"font-weight:bold;color:#ffffff;margin-top:10%;margin-bottom:7%;\">Instituto Nacional de Investiga\u00e7\u00e3o Agr\u00e1ria e Veterin\u00e1ria<\/h1><\/div><\/div>[\/vc_column][\/vc_row][vc_row type=&#8221;vc_default&#8221; content_placement=&#8221;bottom&#8221; bg_type=&#8221;image&#8221; parallax_style=&#8221;vcpb-default&#8221; bg_image_new=&#8221;id^812|url^http:\/\/www.abeanglobal.com\/wp-content\/uploads\/2018\/03\/olives-175.jpg|caption^null|alt^null|title^olives-175|description^null&#8221; bg_image_posiiton=&#8221;center&#8221; bg_override=&#8221;ex-full&#8221; enable_overlay=&#8221;enable_overlay_value&#8221; overlay_color=&#8221;rgba(0,0,0,0.24)&#8221; seperator_enable=&#8221;seperator_enable_value&#8221; seperator_type=&#8221;tilt_left_seperator&#8221; seperator_position=&#8221;bottom_seperator&#8221; seperator_svg_height=&#8221;40&#8243;][vc_column offset=&#8221;vc_hidden-lg vc_hidden-md&#8221;]<div id=\"ultimate-heading-452169f63211b1369\" class=\"uvc-heading ult-adjust-bottom-margin ultimate-heading-452169f63211b1369 uvc-9380 \" data-hspacer=\"no_spacer\"  data-halign=\"left\" style=\"text-align:left\"><div class=\"uvc-heading-spacer no_spacer\" style=\"top\"><\/div><div class=\"uvc-main-heading ult-responsive\"  data-ultimate-target='.uvc-heading.ultimate-heading-452169f63211b1369 h1'  data-responsive-json-new='{\"font-size\":\"desktop:52px;tablet:42px;tablet_portrait:42px;mobile_landscape:32px;mobile:28px;\",\"line-height\":\"desktop:62px;tablet:52px;tablet_portrait:52px;mobile_landscape:42px;mobile:38px;\"}' ><h1 style=\"font-weight:bold;color:#ffffff;margin-top:10%;margin-bottom:12%;\">Instituto Nacional de Investiga\u00e7\u00e3o Agr\u00e1ria e Veterin\u00e1ria<\/h1><\/div><\/div>[\/vc_column][\/vc_row][vc_row type=&#8221;vc_default&#8221; equal_height=&#8221;yes&#8221; content_placement=&#8221;middle&#8221; css=&#8221;.vc_custom_1519216588118{margin-top: -40px !important;}&#8221;][vc_column width=&#8221;1\/4&#8243;][vc_single_image image=&#8221;410&#8243; img_size=&#8221;200&#215;200&#8243; alignment=&#8221;center&#8221; image_hovers=&#8221;false&#8221;][\/vc_column][vc_column width=&#8221;3\/4&#8243;][vc_row_inner][vc_column_inner width=&#8221;1\/3&#8243;][vc_column_text]<\/p>\n<p style=\"text-align: left;\"><strong>Organiza\u00e7\u00e3o:<\/strong><\/p>\n<p>[\/vc_column_text][\/vc_column_inner][vc_column_inner width=&#8221;2\/3&#8243;][vc_column_text]Instituto Nacional de Investiga\u00e7\u00e3o Agr\u00e1ria e Veterin\u00e1ria, I.P. (INIAV)[\/vc_column_text][\/vc_column_inner][\/vc_row_inner][vc_row_inner][vc_column_inner width=&#8221;1\/3&#8243;][vc_column_text]<\/p>\n<p style=\"text-align: left;\"><strong>Contacto:<\/strong><\/p>\n<p>[\/vc_column_text][\/vc_column_inner][vc_column_inner width=&#8221;2\/3&#8243;][vc_column_text]Benvindo Martins Ma\u00e7\u00e3s[\/vc_column_text][\/vc_column_inner][\/vc_row_inner][vc_row_inner][vc_column_inner width=&#8221;1\/3&#8243;][vc_column_text]<\/p>\n<p style=\"text-align: left;\"><strong>Telefone:\u00a0<\/strong><\/p>\n<p>[\/vc_column_text][\/vc_column_inner][vc_column_inner width=&#8221;2\/3&#8243;][vc_column_text]+351 268 637 741[\/vc_column_text][\/vc_column_inner][\/vc_row_inner][vc_row_inner][vc_column_inner width=&#8221;1\/3&#8243;][vc_column_text]<\/p>\n<p style=\"text-align: left;\"><strong>Correio Eletr\u00f4nico:\u00a0<\/strong><\/p>\n<p>[\/vc_column_text][\/vc_column_inner][vc_column_inner width=&#8221;2\/3&#8243;][vc_column_text]benvindo.macas@iniav.pt[\/vc_column_text][\/vc_column_inner][\/vc_row_inner][vc_row_inner][vc_column_inner width=&#8221;1\/3&#8243;][vc_column_text]<\/p>\n<p style=\"text-align: left;\"><strong>NUT C\u00f3digo III Provincia:\u00a0<\/strong><\/p>\n<p>[\/vc_column_text][\/vc_column_inner][vc_column_inner width=&#8221;2\/3&#8243;][vc_column_text]PT186 &#8211; Alto Alentejo[\/vc_column_text][\/vc_column_inner][\/vc_row_inner][\/vc_column][\/vc_row][vc_row][vc_column][vc_empty_space][vc_column_text]<\/p>\n<p style=\"text-align: justify;\">O Instituto Nacional de Investiga\u00e7\u00e3o Agr\u00edcola e Veterin\u00e1ria (INIAV) \u00e9 o laborat\u00f3rio estatal do Minist\u00e9rio da Agricultura e Mar de Portugal, que realizam atividades de pesquisa nas \u00e1reas agro-alimentares, forestal y veterinaria. O equipamento do INIAV est\u00e1 dotado de investigadores e t\u00e9cnicos com uma amplia experi\u00eancia em melhora de plantas, agronom\u00eda, ecofisiologia e biologia molecular. A institui\u00e7\u00e3o tem campos experimentais, maquinaria de ensaios e laborat\u00f3rios de an\u00e1lise que permitem a execu\u00e7\u00e3o das tarefas que se prop\u00f5em no projeto TecnOlivo.<\/p>\n<p style=\"text-align: justify;\">O INIAV possui uma grande experi\u00eancia em coopera\u00e7\u00e3o e cons\u00f3rcios de pesquisa com institui\u00e7\u00f5es portuguesas e internacionais durante os \u00faltimos a\u00f1os, o INIAV ha participado como benefici\u00e1rio em v\u00e1rios projetos de coopera\u00e7\u00e3o transfronteriza (INTERREG III, POCTEP), destacando: a transfronteriza vermelha Portugal-Portugal de experimenta\u00e7\u00e3o e transfer\u00eancia para o desenvolvimento do setor agropecu\u00e1rio e industrial (RED_AGROTEC); e a melhoria dos sistemas agr\u00edcolas e a racionaliza\u00e7\u00e3o de cultivos para otimizar a competitividade e a sustentabilidade das explora\u00e7\u00f5es agr\u00edcolas (AGRI_SOS). Foi participado tamb\u00e9m em outros projetos internacionais (FP7).<\/p>\n<p style=\"text-align: justify;\">Por tanto, o INIAV conta com sobrada experi\u00eancia na gest\u00e3o sus recursos e ativos, assim como na compara\u00e7\u00e3o de objetivos no marco de projetos colaborativos.<\/p>\n<p style=\"text-align: justify;\">De acordo com a abordagem estrat\u00e9gica do INIAV, a coopera\u00e7\u00e3o transfronteiri\u00e7a \u00e9 essencial para o desenvolvimento da agricultura regional em ambos os pa\u00edses. As boas pr\u00e1ticas agr\u00edcolas devem integrar todos os conhecimentos cient\u00edficos dispon\u00edveis para a sustentabilidade econ\u00f4mica, ambiental e social da produ\u00e7\u00e3o em fazendas. Os estudos tamb\u00e9m devem comunicar informa\u00e7\u00f5es relevantes sobre a aplica\u00e7\u00e3o de pr\u00e1ticas culturais de esquecimento entre pa\u00edses. Portanto, a TecnOlivo deve consolidar os interesses entre as equipes de pesquisa e as empresas, aproveitando as capacidades individuais e as sinergias das equipes dos benefici\u00e1rios e regi\u00f5es.<\/p>\n<p>[\/vc_column_text][\/vc_column][\/vc_row]<\/p>\n","protected":false},"excerpt":{"rendered":"<p>[vc_row type=&#8221;vc_default&#8221; content_placement=&#8221;bottom&#8221; bg_type=&#8221;image&#8221; parallax_style=&#8221;vcpb-default&#8221; bg_image_new=&#8221;id^812|url^http:\/\/www.abeanglobal.com\/wp-content\/uploads\/2018\/03\/olives-175.jpg|caption^null|alt^null|title^olives-175|description^null&#8221; bg_image_posiiton=&#8221;center&#8221; bg_override=&#8221;ex-full&#8221; enable_overlay=&#8221;enable_overlay_value&#8221; overlay_color=&#8221;rgba(0,0,0,0.24)&#8221; seperator_enable=&#8221;seperator_enable_value&#8221; seperator_type=&#8221;tilt_left_seperator&#8221; seperator_position=&#8221;bottom_seperator&#8221; seperator_svg_height=&#8221;80&#8243; css=&#8221;.vc_custom_1521208697612{margin-top: -80px !important;}&#8221;][vc_column offset=&#8221;vc_hidden-sm vc_hidden-xs&#8221;][\/vc_column][\/vc_row][vc_row type=&#8221;vc_default&#8221; content_placement=&#8221;bottom&#8221; bg_type=&#8221;image&#8221; parallax_style=&#8221;vcpb-default&#8221; bg_image_new=&#8221;id^812|url^http:\/\/www.abeanglobal.com\/wp-content\/uploads\/2018\/03\/olives-175.jpg|caption^null|alt^null|title^olives-175|description^null&#8221; bg_image_posiiton=&#8221;center&#8221; bg_override=&#8221;ex-full&#8221; enable_overlay=&#8221;enable_overlay_value&#8221; overlay_color=&#8221;rgba(0,0,0,0.24)&#8221; seperator_enable=&#8221;seperator_enable_value&#8221; seperator_type=&#8221;tilt_left_seperator&#8221; seperator_position=&#8221;bottom_seperator&#8221; seperator_svg_height=&#8221;40&#8243;][vc_column offset=&#8221;vc_hidden-lg vc_hidden-md&#8221;][\/vc_column][\/vc_row][vc_row type=&#8221;vc_default&#8221; equal_height=&#8221;yes&#8221; content_placement=&#8221;middle&#8221; css=&#8221;.vc_custom_1519216588118{margin-top: -40px !important;}&#8221;][vc_column width=&#8221;1\/4&#8243;][vc_single_image image=&#8221;410&#8243; img_size=&#8221;200&#215;200&#8243; alignment=&#8221;center&#8221; image_hovers=&#8221;false&#8221;][\/vc_column][vc_column width=&#8221;3\/4&#8243;][vc_row_inner][vc_column_inner width=&#8221;1\/3&#8243;][vc_column_text] Organiza\u00e7\u00e3o: [\/vc_column_text][\/vc_column_inner][vc_column_inner width=&#8221;2\/3&#8243;][vc_column_text]Instituto Nacional de Investiga\u00e7\u00e3o Agr\u00e1ria e&hellip;<\/p>\n","protected":false},"author":1,"featured_media":0,"parent":0,"menu_order":0,"comment_status":"closed","ping_status":"closed","template":"","meta":[],"_links":{"self":[{"href":"https:\/\/www.tecnolivo.eu\/pt-pt\/wp-json\/wp\/v2\/pages\/709"}],"collection":[{"href":"https:\/\/www.tecnolivo.eu\/pt-pt\/wp-json\/wp\/v2\/pages"}],"about":[{"href":"https:\/\/www.tecnolivo.eu\/pt-pt\/wp-json\/wp\/v2\/types\/page"}],"author":[{"embeddable":true,"href":"https:\/\/www.tecnolivo.eu\/pt-pt\/wp-json\/wp\/v2\/users\/1"}],"replies":[{"embeddable":true,"href":"https:\/\/www.tecnolivo.eu\/pt-pt\/wp-json\/wp\/v2\/comments?post=709"}],"version-history":[{"count":7,"href":"https:\/\/www.tecnolivo.eu\/pt-pt\/wp-json\/wp\/v2\/pages\/709\/revisions"}],"predecessor-version":[{"id":1281,"href":"https:\/\/www.tecnolivo.eu\/pt-pt\/wp-json\/wp\/v2\/pages\/709\/revisions\/1281"}],"wp:attachment":[{"href":"https:\/\/www.tecnolivo.eu\/pt-pt\/wp-json\/wp\/v2\/media?parent=709"}],"curies":[{"name":"wp","href":"https:\/\/api.w.org\/{rel}","templated":true}]}}