{"id":708,"date":"2018-03-11T17:50:18","date_gmt":"2018-03-11T16:50:18","guid":{"rendered":"http:\/\/www.abeanglobal.com\/?page_id=708"},"modified":"2022-11-07T10:34:42","modified_gmt":"2022-11-07T09:34:42","slug":"elaia","status":"publish","type":"page","link":"https:\/\/www.tecnolivo.eu\/pt-pt\/elaia\/","title":{"rendered":"ELAIA"},"content":{"rendered":"<p>[vc_row type=&#8221;vc_default&#8221; content_placement=&#8221;bottom&#8221; bg_type=&#8221;image&#8221; parallax_style=&#8221;vcpb-default&#8221; bg_image_new=&#8221;id^812|url^http:\/\/www.abeanglobal.com\/wp-content\/uploads\/2018\/03\/olives-175.jpg|caption^null|alt^null|title^olives-175|description^null&#8221; bg_image_posiiton=&#8221;center&#8221; bg_override=&#8221;ex-full&#8221; enable_overlay=&#8221;enable_overlay_value&#8221; overlay_color=&#8221;rgba(0,0,0,0.24)&#8221; seperator_enable=&#8221;seperator_enable_value&#8221; seperator_type=&#8221;tilt_left_seperator&#8221; seperator_position=&#8221;bottom_seperator&#8221; seperator_svg_height=&#8221;80&#8243; css=&#8221;.vc_custom_1521208697612{margin-top: -80px !important;}&#8221;][vc_column offset=&#8221;vc_hidden-sm vc_hidden-xs&#8221;]<div id=\"ultimate-heading-392969f4ab3626ec0\" class=\"uvc-heading ult-adjust-bottom-margin ultimate-heading-392969f4ab3626ec0 uvc-1092 \" data-hspacer=\"no_spacer\"  data-halign=\"left\" style=\"text-align:left\"><div class=\"uvc-heading-spacer no_spacer\" style=\"top\"><\/div><div class=\"uvc-main-heading ult-responsive\"  data-ultimate-target='.uvc-heading.ultimate-heading-392969f4ab3626ec0 h1'  data-responsive-json-new='{\"font-size\":\"desktop:52px;tablet:42px;tablet_portrait:42px;mobile_landscape:32px;mobile:28px;\",\"line-height\":\"desktop:62px;tablet:52px;tablet_portrait:52px;mobile_landscape:42px;mobile:38px;\"}' ><h1 style=\"font-weight:bold;color:#ffffff;margin-top:10%;margin-bottom:7%;\">ELAIA<\/h1><\/div><\/div>[\/vc_column][\/vc_row][vc_row type=&#8221;vc_default&#8221; content_placement=&#8221;bottom&#8221; bg_type=&#8221;image&#8221; parallax_style=&#8221;vcpb-default&#8221; bg_image_new=&#8221;id^812|url^http:\/\/www.abeanglobal.com\/wp-content\/uploads\/2018\/03\/olives-175.jpg|caption^null|alt^null|title^olives-175|description^null&#8221; bg_image_posiiton=&#8221;center&#8221; bg_override=&#8221;ex-full&#8221; enable_overlay=&#8221;enable_overlay_value&#8221; overlay_color=&#8221;rgba(0,0,0,0.24)&#8221; seperator_enable=&#8221;seperator_enable_value&#8221; seperator_type=&#8221;tilt_left_seperator&#8221; seperator_position=&#8221;bottom_seperator&#8221; seperator_svg_height=&#8221;40&#8243;][vc_column offset=&#8221;vc_hidden-lg vc_hidden-md&#8221;]<div id=\"ultimate-heading-968169f4ab3626f2f\" class=\"uvc-heading ult-adjust-bottom-margin ultimate-heading-968169f4ab3626f2f uvc-5474 \" data-hspacer=\"no_spacer\"  data-halign=\"left\" style=\"text-align:left\"><div class=\"uvc-heading-spacer no_spacer\" style=\"top\"><\/div><div class=\"uvc-main-heading ult-responsive\"  data-ultimate-target='.uvc-heading.ultimate-heading-968169f4ab3626f2f h1'  data-responsive-json-new='{\"font-size\":\"desktop:52px;tablet:42px;tablet_portrait:42px;mobile_landscape:32px;mobile:28px;\",\"line-height\":\"desktop:62px;tablet:52px;tablet_portrait:52px;mobile_landscape:42px;mobile:38px;\"}' ><h1 style=\"font-weight:bold;color:#ffffff;margin-top:10%;margin-bottom:12%;\">ELAIA<\/h1><\/div><\/div>[\/vc_column][\/vc_row][vc_row type=&#8221;vc_default&#8221; equal_height=&#8221;yes&#8221; content_placement=&#8221;middle&#8221; css=&#8221;.vc_custom_1519216588118{margin-top: -40px !important;}&#8221;][vc_column width=&#8221;1\/4&#8243;][vc_single_image image=&#8221;506&#8243; img_size=&#8221;200&#215;200&#8243; alignment=&#8221;center&#8221; image_hovers=&#8221;false&#8221;][\/vc_column][vc_column width=&#8221;3\/4&#8243;][vc_row_inner][vc_column_inner width=&#8221;1\/3&#8243;][vc_column_text]<\/p>\n<p style=\"text-align: left;\"><strong>Organiza\u00e7\u00e3o:<\/strong><\/p>\n<p>[\/vc_column_text][\/vc_column_inner][vc_column_inner width=&#8221;2\/3&#8243;][vc_column_text]Murtig\u00e3o &#8211; Sociedade Agr\u00edcola, S.A. (ELAIA)[\/vc_column_text][\/vc_column_inner][\/vc_row_inner][vc_row_inner][vc_column_inner width=&#8221;1\/3&#8243;][vc_column_text]<\/p>\n<p style=\"text-align: left;\"><strong>Contacto:<\/strong><\/p>\n<p>[\/vc_column_text][\/vc_column_inner][vc_column_inner width=&#8221;2\/3&#8243;][vc_column_text]Juan Carlos Ca\u00f1asveras[\/vc_column_text][\/vc_column_inner][\/vc_row_inner][vc_row_inner][vc_column_inner width=&#8221;1\/3&#8243;][vc_column_text]<\/p>\n<p style=\"text-align: left;\"><strong>Telefone:\u00a0<\/strong><\/p>\n<p>[\/vc_column_text][\/vc_column_inner][vc_column_inner width=&#8221;2\/3&#8243;][vc_column_text]+351 915 189 294[\/vc_column_text][\/vc_column_inner][\/vc_row_inner][vc_row_inner][vc_column_inner width=&#8221;1\/3&#8243;][vc_column_text]<\/p>\n<p style=\"text-align: left;\"><strong>Correio Eletr\u00f4nico:\u00a0<\/strong><\/p>\n<p>[\/vc_column_text][\/vc_column_inner][vc_column_inner width=&#8221;2\/3&#8243;][vc_column_text]juan.canasveras@elaia.pt[\/vc_column_text][\/vc_column_inner][\/vc_row_inner][vc_row_inner][vc_column_inner width=&#8221;1\/3&#8243;][vc_column_text]<\/p>\n<p style=\"text-align: left;\"><strong>NUT C\u00f3digo III Provincia:\u00a0<\/strong><\/p>\n<p>[\/vc_column_text][\/vc_column_inner][vc_column_inner width=&#8221;2\/3&#8243;][vc_column_text]PT184 &#8211; Baixo Alentejo[\/vc_column_text][\/vc_column_inner][\/vc_row_inner][\/vc_column][\/vc_row][vc_row][vc_column][vc_empty_space][vc_column_text]<\/p>\n<p style=\"text-align: justify;\">Hoje, a ELAIA opera seus pr\u00f3prios olivais ou arrendados, al\u00e9m da gest\u00e3o de usinas de petr\u00f3leo. \u00c9 um projeto \u00fanico em todo o mundo. \u00c9 uma associa\u00e7\u00e3o conjunta entre Sovena e Atitl\u00e1n, cujo principal objetivo \u00e9 o cultivo de seus pr\u00f3prios olivais, ou outros que s\u00e3o alugados, bem como a gest\u00e3o das usinas para a obten\u00e7\u00e3o de \u00f3leos de azeitona premium. Um projeto \u00fanico em escala mundial, devido ao seu tamanho e operando em Portugal, Espanha e Marrocos. A ELAIA est\u00e1 atualmente em processo de expans\u00e3o em outras regi\u00f5es do mundo.<\/p>\n<p style=\"text-align: justify;\">A ELAIA tem mais de 11 mil hectares de cultivo de azeitona, sendo Portugal o pa\u00eds mais importante, em grande parte devido ao seu progresso no projeto Alqueva, o que significou um desenvolvimento muito importante para os campos irrigados.<\/p>\n<p style=\"text-align: justify;\">Com o objetivo de controlar todo o processo de produ\u00e7\u00e3o, com os mais altos n\u00edveis de qualidade e garantindo a rastreabilidade completa de sua produ\u00e7\u00e3o, at\u00e9 o momento, a ELAIA tem quatro prensas de \u00f3leo modernas nas quais 100% da cultura \u00e9 transformada.<\/p>\n<p style=\"text-align: justify;\">Isto significa que o investimento, em termos de melhoria e expans\u00e3o da \u00e1rea de olivais e inova\u00e7\u00e3o no processamento de azeite, demonstra um foco claro na agricultura mediterr\u00e2nea e a cria\u00e7\u00e3o de \u00f3leos de qualidade \u00fanica. Com estes projectos, a ELAIA contribui para o refor\u00e7o da sua posi\u00e7\u00e3o no sector da azeitona e de Portugal na cena global do azeite.<\/p>\n<p style=\"text-align: justify;\">Os olivais intensivos t\u00eam uma maior densidade na planta\u00e7\u00e3o, geralmente 300 \u00e1rvores por hectare, com modernos sistemas de irriga\u00e7\u00e3o por gotejamento e tamb\u00e9m com uma fertiliza\u00e7\u00e3o mais racional. No entanto, no final do s\u00e9culo XX, h\u00e1 uma nova tend\u00eancia na cultura do cultivo da azeitona, com a apar\u00eancia de oliveiras super intensivas. Este sistema tem uma densidade muito maior que varia entre 1.200 e 2.000 \u00e1rvores por hectare. Embora isso requer um investimento muito maior, ele permite que a produ\u00e7\u00e3o comece o mais r\u00e1pido poss\u00edvel. O n\u00edvel de produtividade por hectare \u00e9 maior e a colheita \u00e9 mec\u00e2nica, o que acelera o processo (as azeitonas podem ser colhidas a uma taxa de 5 hectares por dia e por m\u00e1quina).<\/p>\n<p style=\"text-align: justify;\">A ELAIA usa ambos os sistemas por muitos motivos, desde a luz at\u00e9 a orografia da terra, levando em considera\u00e7\u00e3o a maximiza\u00e7\u00e3o dos recursos dispon\u00edveis em suas pr\u00f3prias propriedades agr\u00edcolas; Os pesquisadores da TecnOlivo se concentrar\u00e3o em olivais super intensivos para testes de campo.<\/p>\n<p>[\/vc_column_text][\/vc_column][\/vc_row]<\/p>\n","protected":false},"excerpt":{"rendered":"<p>[vc_row type=&#8221;vc_default&#8221; content_placement=&#8221;bottom&#8221; bg_type=&#8221;image&#8221; parallax_style=&#8221;vcpb-default&#8221; bg_image_new=&#8221;id^812|url^http:\/\/www.abeanglobal.com\/wp-content\/uploads\/2018\/03\/olives-175.jpg|caption^null|alt^null|title^olives-175|description^null&#8221; bg_image_posiiton=&#8221;center&#8221; bg_override=&#8221;ex-full&#8221; enable_overlay=&#8221;enable_overlay_value&#8221; overlay_color=&#8221;rgba(0,0,0,0.24)&#8221; seperator_enable=&#8221;seperator_enable_value&#8221; seperator_type=&#8221;tilt_left_seperator&#8221; seperator_position=&#8221;bottom_seperator&#8221; seperator_svg_height=&#8221;80&#8243; css=&#8221;.vc_custom_1521208697612{margin-top: -80px !important;}&#8221;][vc_column offset=&#8221;vc_hidden-sm vc_hidden-xs&#8221;][\/vc_column][\/vc_row][vc_row type=&#8221;vc_default&#8221; content_placement=&#8221;bottom&#8221; bg_type=&#8221;image&#8221; parallax_style=&#8221;vcpb-default&#8221; bg_image_new=&#8221;id^812|url^http:\/\/www.abeanglobal.com\/wp-content\/uploads\/2018\/03\/olives-175.jpg|caption^null|alt^null|title^olives-175|description^null&#8221; bg_image_posiiton=&#8221;center&#8221; bg_override=&#8221;ex-full&#8221; enable_overlay=&#8221;enable_overlay_value&#8221; overlay_color=&#8221;rgba(0,0,0,0.24)&#8221; seperator_enable=&#8221;seperator_enable_value&#8221; seperator_type=&#8221;tilt_left_seperator&#8221; seperator_position=&#8221;bottom_seperator&#8221; seperator_svg_height=&#8221;40&#8243;][vc_column offset=&#8221;vc_hidden-lg vc_hidden-md&#8221;][\/vc_column][\/vc_row][vc_row type=&#8221;vc_default&#8221; equal_height=&#8221;yes&#8221; content_placement=&#8221;middle&#8221; css=&#8221;.vc_custom_1519216588118{margin-top: -40px !important;}&#8221;][vc_column width=&#8221;1\/4&#8243;][vc_single_image image=&#8221;506&#8243; img_size=&#8221;200&#215;200&#8243; alignment=&#8221;center&#8221; image_hovers=&#8221;false&#8221;][\/vc_column][vc_column width=&#8221;3\/4&#8243;][vc_row_inner][vc_column_inner width=&#8221;1\/3&#8243;][vc_column_text] Organiza\u00e7\u00e3o: [\/vc_column_text][\/vc_column_inner][vc_column_inner width=&#8221;2\/3&#8243;][vc_column_text]Murtig\u00e3o &#8211; Sociedade Agr\u00edcola, S.A. (ELAIA)[\/vc_column_text][\/vc_column_inner][\/vc_row_inner][vc_row_inner][vc_column_inner&hellip;<\/p>\n","protected":false},"author":1,"featured_media":0,"parent":0,"menu_order":0,"comment_status":"closed","ping_status":"closed","template":"","meta":[],"_links":{"self":[{"href":"https:\/\/www.tecnolivo.eu\/pt-pt\/wp-json\/wp\/v2\/pages\/708"}],"collection":[{"href":"https:\/\/www.tecnolivo.eu\/pt-pt\/wp-json\/wp\/v2\/pages"}],"about":[{"href":"https:\/\/www.tecnolivo.eu\/pt-pt\/wp-json\/wp\/v2\/types\/page"}],"author":[{"embeddable":true,"href":"https:\/\/www.tecnolivo.eu\/pt-pt\/wp-json\/wp\/v2\/users\/1"}],"replies":[{"embeddable":true,"href":"https:\/\/www.tecnolivo.eu\/pt-pt\/wp-json\/wp\/v2\/comments?post=708"}],"version-history":[{"count":7,"href":"https:\/\/www.tecnolivo.eu\/pt-pt\/wp-json\/wp\/v2\/pages\/708\/revisions"}],"predecessor-version":[{"id":1282,"href":"https:\/\/www.tecnolivo.eu\/pt-pt\/wp-json\/wp\/v2\/pages\/708\/revisions\/1282"}],"wp:attachment":[{"href":"https:\/\/www.tecnolivo.eu\/pt-pt\/wp-json\/wp\/v2\/media?parent=708"}],"curies":[{"name":"wp","href":"https:\/\/api.w.org\/{rel}","templated":true}]}}