{"id":1003,"date":"2018-05-23T17:32:24","date_gmt":"2018-05-23T16:32:24","guid":{"rendered":"http:\/\/www.tecnolivo.eu\/politica-de-privacidad\/"},"modified":"2018-05-23T17:41:51","modified_gmt":"2018-05-23T16:41:51","slug":"politica-de-privacidad","status":"publish","type":"page","link":"https:\/\/www.tecnolivo.eu\/pt-pt\/politica-de-privacidad\/","title":{"rendered":"Pol\u00edtica de privacidad"},"content":{"rendered":"<h1 style=\"text-align: justify;\"><strong>POL\u00cdTICA DE PROTECCI\u00d3N DE DATOS DE TECNOLIVO<\/strong><\/h1>\n<p style=\"text-align: justify;\">Tras la entrada en vigor del nuevo Reglamento General de Protecci\u00f3n de Datos europeo, Reglamento (UE) 2016\/679 del Parlamento Europeo y del Consejo, de 27 de abril de 2016 (RGPD en adelante), incluimos la informaci\u00f3n actualizada sobre el tratamiento de los datos personales en lo relativo a nuestros clientes, en los t\u00e9rminos exigidos por la normativa comunitaria.<\/p>\n<p style=\"text-align: justify;\">De conformidad con lo establecido en la normativa, le informamos de que sus datos de car\u00e1cter personales, le informamos de que sus datos ser\u00e1n incorporados a un fichero de car\u00e1cter interno denominado SOLICITUDES DE CONTACTO cuyo titular es Universidad de Huelva. La existencia de los ficheros se recoge en nuestro registro de actividades.<\/p>\n<h2 style=\"text-align: justify;\"><\/h2>\n<h2 style=\"text-align: justify;\"><strong>\u00bfQui\u00e9n es el Responsable del tratamiento de sus datos personales?<\/strong><\/h2>\n<p style=\"text-align: justify;\">Identidad: Universidad de Huelva<\/p>\n<p style=\"text-align: justify;\">C.I.F: Q7150008F<\/p>\n<p style=\"text-align: justify;\">Direcci\u00f3n postal: Campus de la Rabida. Carr. Huelva-Palos de la Frontera, s\/n. Huelva Andalucia 21819<\/p>\n<p style=\"text-align: justify;\">Correo electr\u00f3nico: <a href=\"mailto:andujar@diesia.uhu.es\">andujar@diesia.uhu.es<\/a><\/p>\n<p style=\"text-align: justify;\">Responsable de Seguridad: Universidad de Huelva<\/p>\n<h2 style=\"text-align: justify;\"><strong>\u00bfCon qu\u00e9 finalidad tratamos sus datos?<\/strong><\/h2>\n<p style=\"text-align: justify;\">Todos los servicios que ofrecemos desde nuestro portal web se remiten a formularios, para poder ponerse en contacto con nosotros y demandar informaci\u00f3n sobre nuestros servicios, en ning\u00fan momento se le dar\u00e1 otra finalidad a sus datos que no sea la meramente necesaria de la ejecuci\u00f3n de las solicitudes que recibimos as\u00ed como de la gesti\u00f3n y dep\u00f3sito de los mismos datos para poder satisfacer posibles reclamaciones as\u00ed como obligaciones legales. Esta web en ning\u00fan momento tomar\u00e1 decisiones automatizadas en el tratamiento de sus datos, el tratamiento siempre ser\u00e1 acorde a los consentimientos prestados por el usuario para el tratamiento de sus datos personales.<\/p>\n<h2 style=\"text-align: justify;\"><strong>\u00bfC\u00f3mo hemos conseguido sus datos?<\/strong><\/h2>\n<p style=\"text-align: justify;\">Los datos personales siempre son incorporados por los usuarios en los diferentes formularios de contacto, para recabar los diferentes datos, disponemos de sistemas que aseguran el consentimiento prestado por el propio usuario para el tratamiento de esos datos. Todos los datos con los que tratamos no se tratan de datos especialmente protegidos.<\/p>\n<h2 style=\"text-align: justify;\"><strong>\u00bfDurante cu\u00e1nto tiempo trataremos sus datos?<\/strong><\/h2>\n<p style=\"text-align: justify;\">Los datos ser\u00e1n conservados durante todo el tiempo en el que subsista la relaci\u00f3n del usuario con la empresa, y tras la relaci\u00f3n, durante el tiempo que legalmente se prev\u00e9 para la conservaci\u00f3n de todos los datos relativos a facturaci\u00f3n.<\/p>\n<h2 style=\"text-align: justify;\"><strong>\u00bfCu\u00e1l es la legitimaci\u00f3n para el tratamiento de sus datos?<\/strong><\/h2>\n<p style=\"text-align: justify;\">Lo que fundamenta el tratamiento de los datos es el consentimiento prestado por el usuario en la cesi\u00f3n de sus datos al cumplimentar los formularios de contacto as\u00ed como la relaci\u00f3n comercial o de servicios que prestamos a los usuarios, de otra manera los contratos no podr\u00edan llevarse a cabo y la prestaci\u00f3n del servicio no podr\u00eda realizarse. El consentimiento en el suministro de los datos es obligatorio para poder ponernos en contacto contigo, as\u00ed como para \u00a0formalizar la relaci\u00f3n comercial y contractual.<\/p>\n<h2 style=\"text-align: justify;\"><strong>\u00bfA qu\u00e9 destinatarios se comunicar\u00e1n sus datos?<\/strong><\/h2>\n<p style=\"text-align: justify;\">Sus datos no ser\u00e1n cedidos a terceros sin su consentimiento, y \u00fanicamente en defecto de \u00e9ste por imperativo legal.<\/p>\n<p style=\"text-align: justify;\">Si bien para poder prestar los servicios que ofrece la web, es necesario que trabajemos con terceros como los proveedores de Hosting y correo electr\u00f3nico, los cuales nos permiten almacenar la informaci\u00f3n de la web en internet, para que pueda ser accesible y podamos estar provistos de correo electr\u00f3nico que permita la comunicaci\u00f3n de la web con los diferentes usuarios.<\/p>\n<p style=\"text-align: justify;\">Estos servidores almacenan la informaci\u00f3n relativa a la direcci\u00f3n IP y los datos de navegaci\u00f3n en sus propios servidores, es una necesidad imperiosa el utilizar los servicios prestados por estos terceros pues de otro modo no podr\u00edamos ofrecerle el servicio web.<\/p>\n<p style=\"text-align: justify;\">Igualmente en nuestra p\u00e1gina web utilizamos\u00a0 software para analizar el tr\u00e1fico web y as\u00ed poder tener una mejor experiencia y poder ofrecerle mejores servicios de una manera m\u00e1s personalizada as\u00ed como poder mejorar los servicios que se demandan, \u00e9stas herramientas a trav\u00e9s de las cookies recopilan informaci\u00f3n del usuario, que si bien no son datos personales como nombre, direcci\u00f3n, etc, son datos identificables como las direcciones IP asociadas al ordenador desde el que se est\u00e9 navegando.<\/p>\n<p style=\"text-align: justify;\">Para m\u00e1s informaci\u00f3n sobre estos complementos y c\u00f3mo deshabilitarlos puede acceder a nuestra pol\u00edtica de cookies haciendo <a href=\"http:\/\/www.tecnolivo.eu\/politica-de-cookies\/\">click aqu\u00ed<\/a>.<\/p>\n<p style=\"text-align: justify;\">Todos los terceros mencionados est\u00e1n obligados a cumplir las mismas disposiciones legales que nosotros por lo que el tratamiento que ellos hagan de sus datos estar\u00e1 siempre amparado legalmente.<\/p>\n<p style=\"text-align: justify;\">A continuaci\u00f3n enumeramos los terceros encargados del tratamiento de sus datos y adjuntamos el enlace a su pol\u00edtica de privacidad:<\/p>\n<p style=\"text-align: justify;\"><strong>Hosting y correo electr\u00f3nico<\/strong>: 1and1<\/p>\n<p style=\"text-align: justify;\"><strong>Direcci\u00f3n pol\u00edtica de privacidad<\/strong>: <a href=\"https:\/\/www.1and1.es\/terms-gtc\/fileadmin\/Terms\/PDF_ES\/2018_01_ES_Politica_de_privacidad.pdf\">https:\/\/www.1and1.es\/terms-gtc\/fileadmin\/Terms\/PDF_ES\/2018_01_ES_Politica_de_privacidad.pdf<\/a><\/p>\n<p style=\"text-align: justify;\"><strong>Software anal\u00edtica<\/strong>: Google Analytics<\/p>\n<p style=\"text-align: justify;\"><strong>Direcci\u00f3n pol\u00edtica de privacidad<\/strong>:\u00a0 <a href=\"https:\/\/www.google.com\/analytics\/learn\/privacy.html?hl=es\">https:\/\/www.google.com\/analytics\/learn\/privacy.html?hl=es<\/a><\/p>\n<h2 style=\"text-align: justify;\"><strong>\u00bfCu\u00e1les son sus derechos cuando nos facilita sus datos?<\/strong><\/h2>\n<p style=\"text-align: justify;\">Los usuarios tienen derecho de acceso, rectificaci\u00f3n, supresi\u00f3n, oposici\u00f3n, limitaci\u00f3n y portabilidad.<\/p>\n<p style=\"text-align: justify;\">El derecho de acceso comporta el derecho a obtener los datos personales que tengamos depositados en nuestros ficheros.<\/p>\n<p style=\"text-align: justify;\">El derecho de rectificaci\u00f3n comporta el derecho que tienen los usuarios a rectificar los datos que consideren inexactos o a completar los que consideren incompletos.<\/p>\n<p style=\"text-align: justify;\">El derecho de supresi\u00f3n o derecho al olvido comporta el derecho que tienen los usuarios a que se eliminen todos los datos que contengamos sin dilaci\u00f3n, siempre que se den los requisitos legalmente previstos en el RGPD.<\/p>\n<p style=\"text-align: justify;\">El derecho de oposici\u00f3n comporta el derecho a que los usuarios se opongan al tratamiento de sus datos personales, siempre que se den los requisitos legalmente previstos en el RGPD.<\/p>\n<p style=\"text-align: justify;\">El derecho de limitaci\u00f3n comporta el derecho de los usuarios a que suspendamos el tratamiento de sus datos personales as\u00ed como para su conservaci\u00f3n en el caso de reclamaciones legales.<\/p>\n<p style=\"text-align: justify;\">El derecho a la portabilidad de sus datos comporta el derecho que tienen los usuarios de poder recibir sus propios datos personales en un fichero compresible para poder transmitirlo a otro responsable de tratamiento.<\/p>\n<h2 style=\"text-align: justify;\"><strong>\u00bfC\u00f3mo puede ejercitar sus derechos?<\/strong><\/h2>\n<p style=\"text-align: justify;\">Los usuarios podr\u00e1n ejercitar cualquiera de sus derechos reconocidos por el RGPD mediante solicitud escrita y firmada acompa\u00f1ada de fotocopia de su D.N.I o documento que acredite la representaci\u00f3n, en caso de hacerlos valer a trav\u00e9s de representante, al domicilio postal del responsable Universidad de Huelva, en la direcci\u00f3n Campus de la Rabida. Carr. Huelva-Palos de la Frontera, s\/n. Huelva, Andalucia 21819, o por correo electr\u00f3nico adjuntando imagen o fotocopia del DNI as\u00ed como del documento acreditativo de la representaci\u00f3n, en caso de hacer valer sus derechos a trav\u00e9s de representante, a la direcci\u00f3n de correo electr\u00f3nico <a href=\"mailto:andujar@diesia.uhu.es\">andujar@diesia.uhu.es<\/a> .<\/p>\n<p style=\"text-align: justify;\">En 10 d\u00edas ser\u00e1 atendida su solicitud y se ejecutar\u00e1 el derecho que reclama en caso de encontrarnos en supuestos amparados legalmente.<\/p>\n<p style=\"text-align: justify;\">El usuario podr\u00e1 dirigir igualmente a la Agencia Espa\u00f1ola de Protecci\u00f3n de Datos (datos de contacto accesibles en www.agpd.es) u autoridad de control competente an\u00e1loga, una reclamaci\u00f3n, en el caso de que el usuario considere vulnerados sus derechos o no haya obtenido satisfacci\u00f3n en su ejercicio.<\/p>\n","protected":false},"excerpt":{"rendered":"<p>POL\u00cdTICA DE PROTECCI\u00d3N DE DATOS DE TECNOLIVO Tras la entrada en vigor del nuevo Reglamento General de Protecci\u00f3n de Datos europeo, Reglamento (UE) 2016\/679 del Parlamento Europeo y del Consejo, de 27 de abril de 2016 (RGPD en adelante), incluimos la informaci\u00f3n actualizada sobre el tratamiento de los datos personales en lo relativo a nuestros&hellip;<\/p>\n","protected":false},"author":1,"featured_media":0,"parent":0,"menu_order":0,"comment_status":"closed","ping_status":"closed","template":"","meta":[],"_links":{"self":[{"href":"https:\/\/www.tecnolivo.eu\/pt-pt\/wp-json\/wp\/v2\/pages\/1003"}],"collection":[{"href":"https:\/\/www.tecnolivo.eu\/pt-pt\/wp-json\/wp\/v2\/pages"}],"about":[{"href":"https:\/\/www.tecnolivo.eu\/pt-pt\/wp-json\/wp\/v2\/types\/page"}],"author":[{"embeddable":true,"href":"https:\/\/www.tecnolivo.eu\/pt-pt\/wp-json\/wp\/v2\/users\/1"}],"replies":[{"embeddable":true,"href":"https:\/\/www.tecnolivo.eu\/pt-pt\/wp-json\/wp\/v2\/comments?post=1003"}],"version-history":[{"count":1,"href":"https:\/\/www.tecnolivo.eu\/pt-pt\/wp-json\/wp\/v2\/pages\/1003\/revisions"}],"predecessor-version":[{"id":1010,"href":"https:\/\/www.tecnolivo.eu\/pt-pt\/wp-json\/wp\/v2\/pages\/1003\/revisions\/1010"}],"wp:attachment":[{"href":"https:\/\/www.tecnolivo.eu\/pt-pt\/wp-json\/wp\/v2\/media?parent=1003"}],"curies":[{"name":"wp","href":"https:\/\/api.w.org\/{rel}","templated":true}]}}